{"id":786,"date":"2024-06-24T09:35:46","date_gmt":"2024-06-24T09:35:46","guid":{"rendered":"https:\/\/rarethaimassage.com\/?post_type=product&#038;p=786"},"modified":"2024-06-24T17:17:32","modified_gmt":"2024-06-24T17:17:32","slug":"thai-massage-for-children-with-essentail-oils-gift-card","status":"publish","type":"product","link":"https:\/\/rarethaimassage.com\/pt\/produto\/thai-massage-for-children-with-essentail-oils-gift-card\/","title":{"rendered":"Massagem tailandesa para crian\u00e7as com \u00f3leos essenciais | Cart\u00e3o oferta"},"content":{"rendered":"","protected":false},"excerpt":{"rendered":"<section class=\"elementor-section elementor-inner-section elementor-element elementor-element-10e0a65 elementor-section-boxed elementor-section-height-default elementor-section-height-default\" data-id=\"10e0a65\" data-element_type=\"section\" data-settings=\"{&quot;_ha_eqh_enable&quot;:false}\">\n<div class=\"elementor-container elementor-column-gap-default\">\n<div class=\"elementor-column elementor-col-25 elementor-inner-column elementor-element elementor-element-f1bc7ff\" data-id=\"f1bc7ff\" data-element_type=\"column\">\n<div class=\"elementor-widget-wrap elementor-element-populated\">\n<div class=\"elementor-element elementor-element-6cad619 elementor-widget elementor-widget-text-editor\" data-id=\"6cad619\" data-element_type=\"widget\" data-widget_type=\"text-editor.default\">\n<div class=\"elementor-widget-container\">\n<p>Durante a massagem tailandesa com \u00f3leo para crian\u00e7as, utilizamos a t\u00e9cnica de massagem tradicional e a massagem com \u00f3leos essenciais, ajustando de forma \u00f3ptima a sua insensibilidade \u00e0 idade da crian\u00e7a massajada. A massagem tailandesa para crian\u00e7as ajuda a: desestressar o corpo de uma crian\u00e7a pequena, relaxar os m\u00fasculos da crian\u00e7a, manter n\u00edveis de concentra\u00e7\u00e3o adequados, aumentar a flexibilidade e a aptid\u00e3o f\u00edsica do organismo.<\/p>\n<p>&nbsp;<\/p>\n<\/div>\n<\/div>\n<\/div>\n<\/div>\n<\/div>\n<\/section>\n<section class=\"elementor-section elementor-inner-section elementor-element elementor-element-c4ceeb4 elementor-section-boxed elementor-section-height-default elementor-section-height-default\" data-id=\"c4ceeb4\" data-element_type=\"section\" data-settings=\"{&quot;_ha_eqh_enable&quot;:false}\">\n<div class=\"elementor-container elementor-column-gap-default\">\n<div class=\"elementor-column elementor-col-100 elementor-inner-column elementor-element elementor-element-cdeb1dc\" data-id=\"cdeb1dc\" data-element_type=\"column\">\n<div class=\"elementor-widget-wrap elementor-element-populated\">\n<div class=\"elementor-element elementor-element-dbac019 elementor-widget elementor-widget-spacer\" data-id=\"dbac019\" data-element_type=\"widget\" data-widget_type=\"spacer.default\">\n<div class=\"elementor-spacer\">\n<h5 class=\"elementor-heading-title elementor-size-default\">30 min 20\u20ac | 1h 40\u20ac | 1,5h 60\u20ac | 2h 80\u20ac<\/h5>\n<\/div>\n<\/div>\n<\/div>\n<\/div>\n<\/div>\n<\/section>\n<p>&hellip; <a class=\"kt-excerpt-readmore more-link\" href=\"https:\/\/rarethaimassage.com\/pt\/produto\/thai-massage-for-children-with-essentail-oils-gift-card\/\">Read More<\/a><\/p>","protected":false},"featured_media":803,"template":"","meta":{"kt_blocks_editor_width":""},"product_cat":[24],"product_tag":[],"giftcard-category":[],"class_list":{"0":"post-786","1":"product","2":"type-product","3":"status-publish","4":"has-post-thumbnail","6":"product_cat-all","8":"first","9":"instock","10":"virtual","11":"purchasable","12":"product-type-gift-card"},"_links":{"self":[{"href":"https:\/\/rarethaimassage.com\/pt\/wp-json\/wp\/v2\/product\/786","targetHints":{"allow":["GET"]}}],"collection":[{"href":"https:\/\/rarethaimassage.com\/pt\/wp-json\/wp\/v2\/product"}],"about":[{"href":"https:\/\/rarethaimassage.com\/pt\/wp-json\/wp\/v2\/types\/product"}],"wp:featuredmedia":[{"embeddable":true,"href":"https:\/\/rarethaimassage.com\/pt\/wp-json\/wp\/v2\/media\/803"}],"wp:attachment":[{"href":"https:\/\/rarethaimassage.com\/pt\/wp-json\/wp\/v2\/media?parent=786"}],"wp:term":[{"taxonomy":"product_cat","embeddable":true,"href":"https:\/\/rarethaimassage.com\/pt\/wp-json\/wp\/v2\/product_cat?post=786"},{"taxonomy":"product_tag","embeddable":true,"href":"https:\/\/rarethaimassage.com\/pt\/wp-json\/wp\/v2\/product_tag?post=786"},{"taxonomy":"giftcard-category","embeddable":true,"href":"https:\/\/rarethaimassage.com\/pt\/wp-json\/wp\/v2\/giftcard-category?post=786"}],"curies":[{"name":"wp","href":"https:\/\/api.w.org\/{rel}","templated":true}]}}