{"id":784,"date":"2024-06-24T09:35:46","date_gmt":"2024-06-24T09:35:46","guid":{"rendered":"https:\/\/rarethaimassage.com\/?post_type=product&#038;p=784"},"modified":"2024-06-25T18:20:35","modified_gmt":"2024-06-25T18:20:35","slug":"classical-thai-massage-for-couple-gift-card","status":"publish","type":"product","link":"https:\/\/rarethaimassage.com\/pt\/produto\/classical-thai-massage-for-couple-gift-card\/","title":{"rendered":"Massagem tailandesa cl\u00e1ssica para casal | Cart\u00e3o de oferta"},"content":{"rendered":"","protected":false},"excerpt":{"rendered":"<section class=\"elementor-section elementor-inner-section elementor-element elementor-element-15d4af7 elementor-section-boxed elementor-section-height-default elementor-section-height-default\" data-id=\"15d4af7\" data-element_type=\"section\" data-settings=\"{&quot;_ha_eqh_enable&quot;:false}\">\n<div class=\"elementor-container elementor-column-gap-default\">\n<div class=\"elementor-column elementor-col-25 elementor-inner-column elementor-element elementor-element-a3f68d7\" data-id=\"a3f68d7\" data-element_type=\"column\">\n<div class=\"elementor-widget-wrap elementor-element-populated\">\n<div class=\"elementor-element elementor-element-6b570dd elementor-widget elementor-widget-text-editor\" data-id=\"6b570dd\" data-element_type=\"widget\" data-widget_type=\"text-editor.default\">\n<div class=\"elementor-widget-container\">\n<p>\u00c9 a forma perfeita de passar algum tempo juntos. A massagista utiliza as m\u00e3os, os cotovelos e os p\u00e9s para relaxar o corpo. O resultado da massagem ser\u00e1 o al\u00edvio da tens\u00e3o muscular, a melhoria do funcionamento dos sistemas circulat\u00f3rio e linf\u00e1tico, o al\u00edvio das dores de cabe\u00e7a e das enxaquecas. Permita-se a si e aos seus entes queridos passar um tempo eficaz durante uma massagem tailandesa cl\u00e1ssica.<\/p>\n<p>&nbsp;<\/p>\n<\/div>\n<\/div>\n<\/div>\n<\/div>\n<\/div>\n<\/section>\n<section class=\"elementor-section elementor-inner-section elementor-element elementor-element-10e0a65 elementor-section-boxed elementor-section-height-default elementor-section-height-default\" data-id=\"10e0a65\" data-element_type=\"section\" data-settings=\"{&quot;_ha_eqh_enable&quot;:false}\">\n<div class=\"elementor-container elementor-column-gap-default\">\n<div class=\"elementor-column elementor-col-25 elementor-inner-column elementor-element elementor-element-6c7ebe5\" data-id=\"6c7ebe5\" data-element_type=\"column\">\n<div class=\"elementor-widget-wrap elementor-element-populated\">\n<div class=\"elementor-element elementor-element-dc37694 elementor-widget elementor-widget-image\" data-id=\"dc37694\" data-element_type=\"widget\" data-widget_type=\"image.default\">\n<h5 class=\"elementor-heading-title elementor-size-default\">1h 90\u20ac | 1,5h 140\u20ac | 2h 175\u20ac<\/h5>\n<\/div>\n<\/div>\n<\/div>\n<\/div>\n<\/section>\n<p>&hellip; <a class=\"kt-excerpt-readmore more-link\" href=\"https:\/\/rarethaimassage.com\/pt\/produto\/classical-thai-massage-for-couple-gift-card\/\">Read More<\/a><\/p>","protected":false},"featured_media":801,"template":"","meta":{"kt_blocks_editor_width":""},"product_cat":[24],"product_tag":[],"giftcard-category":[],"class_list":{"0":"post-784","1":"product","2":"type-product","3":"status-publish","4":"has-post-thumbnail","6":"product_cat-all","8":"first","9":"instock","10":"virtual","11":"purchasable","12":"product-type-gift-card"},"_links":{"self":[{"href":"https:\/\/rarethaimassage.com\/pt\/wp-json\/wp\/v2\/product\/784","targetHints":{"allow":["GET"]}}],"collection":[{"href":"https:\/\/rarethaimassage.com\/pt\/wp-json\/wp\/v2\/product"}],"about":[{"href":"https:\/\/rarethaimassage.com\/pt\/wp-json\/wp\/v2\/types\/product"}],"wp:featuredmedia":[{"embeddable":true,"href":"https:\/\/rarethaimassage.com\/pt\/wp-json\/wp\/v2\/media\/801"}],"wp:attachment":[{"href":"https:\/\/rarethaimassage.com\/pt\/wp-json\/wp\/v2\/media?parent=784"}],"wp:term":[{"taxonomy":"product_cat","embeddable":true,"href":"https:\/\/rarethaimassage.com\/pt\/wp-json\/wp\/v2\/product_cat?post=784"},{"taxonomy":"product_tag","embeddable":true,"href":"https:\/\/rarethaimassage.com\/pt\/wp-json\/wp\/v2\/product_tag?post=784"},{"taxonomy":"giftcard-category","embeddable":true,"href":"https:\/\/rarethaimassage.com\/pt\/wp-json\/wp\/v2\/giftcard-category?post=784"}],"curies":[{"name":"wp","href":"https:\/\/api.w.org\/{rel}","templated":true}]}}