{"id":783,"date":"2024-06-24T09:35:46","date_gmt":"2024-06-24T09:35:46","guid":{"rendered":"https:\/\/rarethaimassage.com\/?post_type=product&#038;p=783"},"modified":"2024-06-24T11:12:16","modified_gmt":"2024-06-24T11:12:16","slug":"massage-for-women-in-pregnancy-gift-card","status":"publish","type":"product","link":"https:\/\/rarethaimassage.com\/pt\/produto\/massage-for-women-in-pregnancy-gift-card\/","title":{"rendered":"Massagem para mulheres na gravidez | Cart\u00e3o oferta"},"content":{"rendered":"","protected":false},"excerpt":{"rendered":"<div class=\"elementor-column elementor-col-25 elementor-inner-column elementor-element elementor-element-92dc8b2\" data-id=\"92dc8b2\" data-element_type=\"column\">\n<div class=\"elementor-widget-wrap elementor-element-populated\">\n<div class=\"elementor-element elementor-element-e9c2fc6 elementor-widget elementor-widget-text-editor\" data-id=\"e9c2fc6\" data-element_type=\"widget\" data-widget_type=\"text-editor.default\">\n<div class=\"elementor-widget-container\">\n<p>Se est\u00e1 a passar o primeiro trimestre de gravidez, convidamo-la para uma massagem que a ajudar\u00e1 a relaxar os m\u00fasculos tensos das costas, pernas e n\u00e1degas. O tratamento ajudar\u00e1 a livrar-se da sensa\u00e7\u00e3o de pernas pesadas, tornar\u00e1 a sua pele mais el\u00e1stica e deixar\u00e1 a sua psique relaxada.<\/p>\n<p>&nbsp;<\/p>\n<\/div>\n<\/div>\n<\/div>\n<\/div>\n<div class=\"elementor-column elementor-col-25 elementor-inner-column elementor-element elementor-element-f2ac9f0\" data-id=\"f2ac9f0\" data-element_type=\"column\">\n<div class=\"elementor-widget-wrap elementor-element-populated\">\n<div class=\"elementor-element elementor-element-ea96d9e elementor-widget elementor-widget-image\" data-id=\"ea96d9e\" data-element_type=\"widget\" data-widget_type=\"image.default\">\n<h5 class=\"elementor-heading-title elementor-size-default\">1h 50\u20ac | 1,5h 75\u20ac | 2h 95\u20ac<\/h5>\n<\/div>\n<\/div>\n<\/div>\n<p>&hellip; <a class=\"kt-excerpt-readmore more-link\" href=\"https:\/\/rarethaimassage.com\/pt\/produto\/massage-for-women-in-pregnancy-gift-card\/\">Read More<\/a><\/p>","protected":false},"featured_media":800,"template":"","meta":{"kt_blocks_editor_width":""},"product_cat":[24],"product_tag":[],"giftcard-category":[],"class_list":{"0":"post-783","1":"product","2":"type-product","3":"status-publish","4":"has-post-thumbnail","6":"product_cat-all","8":"first","9":"instock","10":"virtual","11":"purchasable","12":"product-type-gift-card"},"_links":{"self":[{"href":"https:\/\/rarethaimassage.com\/pt\/wp-json\/wp\/v2\/product\/783","targetHints":{"allow":["GET"]}}],"collection":[{"href":"https:\/\/rarethaimassage.com\/pt\/wp-json\/wp\/v2\/product"}],"about":[{"href":"https:\/\/rarethaimassage.com\/pt\/wp-json\/wp\/v2\/types\/product"}],"wp:featuredmedia":[{"embeddable":true,"href":"https:\/\/rarethaimassage.com\/pt\/wp-json\/wp\/v2\/media\/800"}],"wp:attachment":[{"href":"https:\/\/rarethaimassage.com\/pt\/wp-json\/wp\/v2\/media?parent=783"}],"wp:term":[{"taxonomy":"product_cat","embeddable":true,"href":"https:\/\/rarethaimassage.com\/pt\/wp-json\/wp\/v2\/product_cat?post=783"},{"taxonomy":"product_tag","embeddable":true,"href":"https:\/\/rarethaimassage.com\/pt\/wp-json\/wp\/v2\/product_tag?post=783"},{"taxonomy":"giftcard-category","embeddable":true,"href":"https:\/\/rarethaimassage.com\/pt\/wp-json\/wp\/v2\/giftcard-category?post=783"}],"curies":[{"name":"wp","href":"https:\/\/api.w.org\/{rel}","templated":true}]}}