{"id":782,"date":"2024-06-24T09:35:46","date_gmt":"2024-06-24T09:35:46","guid":{"rendered":"https:\/\/rarethaimassage.com\/?post_type=product&#038;p=782"},"modified":"2024-06-24T11:12:55","modified_gmt":"2024-06-24T11:12:55","slug":"lymphatic-facial-massage-gift-card","status":"publish","type":"product","link":"https:\/\/rarethaimassage.com\/pt\/produto\/lymphatic-facial-massage-gift-card\/","title":{"rendered":"Massagem facial linf\u00e1tica | Cart\u00e3o oferta"},"content":{"rendered":"","protected":false},"excerpt":{"rendered":"<section class=\"elementor-section elementor-inner-section elementor-element elementor-element-c76d5c7 elementor-section-boxed elementor-section-height-default elementor-section-height-default\" data-id=\"c76d5c7\" data-element_type=\"section\" data-settings=\"{&quot;_ha_eqh_enable&quot;:false}\">\n<div class=\"elementor-container elementor-column-gap-default\">\n<div class=\"elementor-column elementor-col-25 elementor-inner-column elementor-element elementor-element-6824110\" data-id=\"6824110\" data-element_type=\"column\">\n<div class=\"elementor-widget-wrap elementor-element-populated\">\n<div class=\"elementor-element elementor-element-484ad9b elementor-widget elementor-widget-text-editor\" data-id=\"484ad9b\" data-element_type=\"widget\" data-widget_type=\"text-editor.default\">\n<div class=\"elementor-widget-container\">\n<p>Ajuda a reduzir o incha\u00e7o do rosto A principal causa \u00e9 o fluxo sangu\u00edneo e os g\u00e2nglios linf\u00e1ticos est\u00e3o congestionados. fluxo sangu\u00edneo inconveniente Isso faz com que o rosto fique inchado e sem brilho. ajuda os tecidos da pele a voltarem a ser fortes. A massagem linf\u00e1tica ajuda a pele a eliminar os res\u00edduos e acelera a cria\u00e7\u00e3o de novas c\u00e9lulas da pele.<\/p>\n<p>&nbsp;<\/p>\n<\/div>\n<\/div>\n<\/div>\n<\/div>\n<\/div>\n<\/section>\n<section class=\"elementor-section elementor-inner-section elementor-element elementor-element-15d4af7 elementor-section-boxed elementor-section-height-default elementor-section-height-default\" data-id=\"15d4af7\" data-element_type=\"section\" data-settings=\"{&quot;_ha_eqh_enable&quot;:false}\">\n<div class=\"elementor-container elementor-column-gap-default\">\n<div class=\"elementor-column elementor-col-25 elementor-inner-column elementor-element elementor-element-81edb26\" data-id=\"81edb26\" data-element_type=\"column\">\n<div class=\"elementor-widget-wrap elementor-element-populated\">\n<div class=\"elementor-element elementor-element-8680682 elementor-widget elementor-widget-image\" data-id=\"8680682\" data-element_type=\"widget\" data-widget_type=\"image.default\">\n<h5 class=\"elementor-heading-title elementor-size-default\">30min 30\u20ac<\/h5>\n<\/div>\n<\/div>\n<\/div>\n<\/div>\n<\/section>\n<p>&hellip; <a class=\"kt-excerpt-readmore more-link\" href=\"https:\/\/rarethaimassage.com\/pt\/produto\/lymphatic-facial-massage-gift-card\/\">Read More<\/a><\/p>","protected":false},"featured_media":799,"template":"","meta":{"kt_blocks_editor_width":""},"product_cat":[24],"product_tag":[],"giftcard-category":[],"class_list":{"0":"post-782","1":"product","2":"type-product","3":"status-publish","4":"has-post-thumbnail","6":"product_cat-all","8":"first","9":"instock","10":"virtual","11":"purchasable","12":"product-type-gift-card"},"_links":{"self":[{"href":"https:\/\/rarethaimassage.com\/pt\/wp-json\/wp\/v2\/product\/782","targetHints":{"allow":["GET"]}}],"collection":[{"href":"https:\/\/rarethaimassage.com\/pt\/wp-json\/wp\/v2\/product"}],"about":[{"href":"https:\/\/rarethaimassage.com\/pt\/wp-json\/wp\/v2\/types\/product"}],"wp:featuredmedia":[{"embeddable":true,"href":"https:\/\/rarethaimassage.com\/pt\/wp-json\/wp\/v2\/media\/799"}],"wp:attachment":[{"href":"https:\/\/rarethaimassage.com\/pt\/wp-json\/wp\/v2\/media?parent=782"}],"wp:term":[{"taxonomy":"product_cat","embeddable":true,"href":"https:\/\/rarethaimassage.com\/pt\/wp-json\/wp\/v2\/product_cat?post=782"},{"taxonomy":"product_tag","embeddable":true,"href":"https:\/\/rarethaimassage.com\/pt\/wp-json\/wp\/v2\/product_tag?post=782"},{"taxonomy":"giftcard-category","embeddable":true,"href":"https:\/\/rarethaimassage.com\/pt\/wp-json\/wp\/v2\/giftcard-category?post=782"}],"curies":[{"name":"wp","href":"https:\/\/api.w.org\/{rel}","templated":true}]}}