{"id":781,"date":"2024-06-24T09:35:46","date_gmt":"2024-06-24T09:35:46","guid":{"rendered":"https:\/\/rarethaimassage.com\/?post_type=product&#038;p=781"},"modified":"2024-06-24T11:13:38","modified_gmt":"2024-06-24T11:13:38","slug":"body-scrub-gift-card","status":"publish","type":"product","link":"https:\/\/rarethaimassage.com\/pt\/produto\/body-scrub-gift-card\/","title":{"rendered":"Esfoliante corporal | Cart\u00e3o de oferta"},"content":{"rendered":"","protected":false},"excerpt":{"rendered":"<div class=\"elementor-column elementor-col-25 elementor-inner-column elementor-element elementor-element-a9ed232\" data-id=\"a9ed232\" data-element_type=\"column\">\n<div class=\"elementor-widget-wrap elementor-element-populated\">\n<div class=\"elementor-element elementor-element-057de90 elementor-widget elementor-widget-text-editor\" data-id=\"057de90\" data-element_type=\"widget\" data-widget_type=\"text-editor.default\">\n<div class=\"elementor-widget-container\">\n<p>Uma esfolia\u00e7\u00e3o bem feita prepara a pele para absorver melhor os nutrientes dos \u00f3leos utilizados por n\u00f3s, o que tem um efeito favor\u00e1vel no estado da pele e ajuda, entre outras coisas, a eliminar a celulite. A nossa t\u00e9cnica tamb\u00e9m evita os p\u00ealos encravados ap\u00f3s a depila\u00e7\u00e3o. Aproveite as formas recomendadas de regenera\u00e7\u00e3o do corpo.<\/p>\n<p>&nbsp;<\/p>\n<\/div>\n<\/div>\n<\/div>\n<\/div>\n<div class=\"elementor-column elementor-col-25 elementor-inner-column elementor-element elementor-element-010193e\" data-id=\"010193e\" data-element_type=\"column\">\n<div class=\"elementor-element elementor-element-eb3967d elementor-widget elementor-widget-image\" data-id=\"eb3967d\" data-element_type=\"widget\" data-widget_type=\"image.default\">\n<h5 class=\"elementor-heading-title elementor-size-default\">1h 60\u20ac | 1,5h 85\u20ac | 2h 100\u20ac<\/h5>\n<\/div>\n<\/div>\n<p>&hellip; <a class=\"kt-excerpt-readmore more-link\" href=\"https:\/\/rarethaimassage.com\/pt\/produto\/body-scrub-gift-card\/\">Read More<\/a><\/p>","protected":false},"featured_media":798,"template":"","meta":{"kt_blocks_editor_width":""},"product_cat":[24],"product_tag":[],"giftcard-category":[],"class_list":{"0":"post-781","1":"product","2":"type-product","3":"status-publish","4":"has-post-thumbnail","6":"product_cat-all","8":"first","9":"instock","10":"virtual","11":"purchasable","12":"product-type-gift-card"},"_links":{"self":[{"href":"https:\/\/rarethaimassage.com\/pt\/wp-json\/wp\/v2\/product\/781","targetHints":{"allow":["GET"]}}],"collection":[{"href":"https:\/\/rarethaimassage.com\/pt\/wp-json\/wp\/v2\/product"}],"about":[{"href":"https:\/\/rarethaimassage.com\/pt\/wp-json\/wp\/v2\/types\/product"}],"wp:featuredmedia":[{"embeddable":true,"href":"https:\/\/rarethaimassage.com\/pt\/wp-json\/wp\/v2\/media\/798"}],"wp:attachment":[{"href":"https:\/\/rarethaimassage.com\/pt\/wp-json\/wp\/v2\/media?parent=781"}],"wp:term":[{"taxonomy":"product_cat","embeddable":true,"href":"https:\/\/rarethaimassage.com\/pt\/wp-json\/wp\/v2\/product_cat?post=781"},{"taxonomy":"product_tag","embeddable":true,"href":"https:\/\/rarethaimassage.com\/pt\/wp-json\/wp\/v2\/product_tag?post=781"},{"taxonomy":"giftcard-category","embeddable":true,"href":"https:\/\/rarethaimassage.com\/pt\/wp-json\/wp\/v2\/giftcard-category?post=781"}],"curies":[{"name":"wp","href":"https:\/\/api.w.org\/{rel}","templated":true}]}}