{"id":778,"date":"2024-06-24T09:35:46","date_gmt":"2024-06-24T09:35:46","guid":{"rendered":"https:\/\/rarethaimassage.com\/?post_type=product&#038;p=778"},"modified":"2024-06-24T11:16:14","modified_gmt":"2024-06-24T11:16:14","slug":"hot-coconut-oil-gift-card","status":"publish","type":"product","link":"https:\/\/rarethaimassage.com\/pt\/produto\/hot-coconut-oil-gift-card\/","title":{"rendered":"\u00d3leo de coco quente | Cart\u00e3o de oferta"},"content":{"rendered":"","protected":false},"excerpt":{"rendered":"<p>Is an excellent way to strengthen the immunity with simultaneous control of blood flow in the body. This massage specifically rejuvenates the body, nurturing it.<br \/>\nAjuda a manter uma boa hidrata\u00e7\u00e3o da pele, d\u00e1-lhe firmeza e regenera-a em profundidade. O aroma libertado durante a massagem torna a sua visita ainda mais agrad\u00e1vel<\/p>\n<p>&nbsp;<\/p>\n<h5 class=\"elementor-heading-title elementor-size-default\">1h 60\u20ac | 1,5h 85\u20ac | 2h 100\u20ac<\/h5>\n<p>&hellip; <a class=\"kt-excerpt-readmore more-link\" href=\"https:\/\/rarethaimassage.com\/pt\/produto\/hot-coconut-oil-gift-card\/\">Read More<\/a><\/p>","protected":false},"featured_media":795,"template":"","meta":{"kt_blocks_editor_width":""},"product_cat":[24],"product_tag":[],"giftcard-category":[],"class_list":{"0":"post-778","1":"product","2":"type-product","3":"status-publish","4":"has-post-thumbnail","6":"product_cat-all","8":"first","9":"instock","10":"virtual","11":"purchasable","12":"product-type-gift-card"},"_links":{"self":[{"href":"https:\/\/rarethaimassage.com\/pt\/wp-json\/wp\/v2\/product\/778","targetHints":{"allow":["GET"]}}],"collection":[{"href":"https:\/\/rarethaimassage.com\/pt\/wp-json\/wp\/v2\/product"}],"about":[{"href":"https:\/\/rarethaimassage.com\/pt\/wp-json\/wp\/v2\/types\/product"}],"wp:featuredmedia":[{"embeddable":true,"href":"https:\/\/rarethaimassage.com\/pt\/wp-json\/wp\/v2\/media\/795"}],"wp:attachment":[{"href":"https:\/\/rarethaimassage.com\/pt\/wp-json\/wp\/v2\/media?parent=778"}],"wp:term":[{"taxonomy":"product_cat","embeddable":true,"href":"https:\/\/rarethaimassage.com\/pt\/wp-json\/wp\/v2\/product_cat?post=778"},{"taxonomy":"product_tag","embeddable":true,"href":"https:\/\/rarethaimassage.com\/pt\/wp-json\/wp\/v2\/product_tag?post=778"},{"taxonomy":"giftcard-category","embeddable":true,"href":"https:\/\/rarethaimassage.com\/pt\/wp-json\/wp\/v2\/giftcard-category?post=778"}],"curies":[{"name":"wp","href":"https:\/\/api.w.org\/{rel}","templated":true}]}}