{"id":774,"date":"2024-06-24T09:35:45","date_gmt":"2024-06-24T09:35:45","guid":{"rendered":"https:\/\/rarethaimassage.com\/?post_type=product&#038;p=774"},"modified":"2024-06-24T11:18:56","modified_gmt":"2024-06-24T11:18:56","slug":"traditional-thai-gift-card","status":"publish","type":"product","link":"https:\/\/rarethaimassage.com\/pt\/produto\/traditional-thai-gift-card\/","title":{"rendered":"Tradicional tailand\u00eas | Cart\u00e3o de oferta"},"content":{"rendered":"","protected":false},"excerpt":{"rendered":"<p>Um tratamento maravilhoso transmitido por gera\u00e7\u00f5es antigas, a massagem tailandesa envolve a aplica\u00e7\u00e3o de press\u00e3o e um alongamento suave dos m\u00fasculos, utilizando tamb\u00e9m a press\u00e3o para estimular os meridianos de energia do corpo. Esta massagem \u00e9 efectuada em colch\u00f5es tradicionais tailandeses sem \u00f3leo e presta especial aten\u00e7\u00e3o \u00e0s costas e \u00e0s pernas.<\/p>\n<p>&nbsp;<\/p>\n<h5 class=\"elementor-heading-title elementor-size-default\">1h 50\u20ac | 1,5h 75\u20ac | 2h 95\u20ac<\/h5>\n<p>&hellip; <a class=\"kt-excerpt-readmore more-link\" href=\"https:\/\/rarethaimassage.com\/pt\/produto\/traditional-thai-gift-card\/\">Read More<\/a><\/p>","protected":false},"featured_media":791,"template":"","meta":{"kt_blocks_editor_width":""},"product_cat":[24],"product_tag":[],"giftcard-category":[],"class_list":{"0":"post-774","1":"product","2":"type-product","3":"status-publish","4":"has-post-thumbnail","6":"product_cat-all","8":"first","9":"instock","10":"virtual","11":"purchasable","12":"product-type-gift-card"},"_links":{"self":[{"href":"https:\/\/rarethaimassage.com\/pt\/wp-json\/wp\/v2\/product\/774","targetHints":{"allow":["GET"]}}],"collection":[{"href":"https:\/\/rarethaimassage.com\/pt\/wp-json\/wp\/v2\/product"}],"about":[{"href":"https:\/\/rarethaimassage.com\/pt\/wp-json\/wp\/v2\/types\/product"}],"wp:featuredmedia":[{"embeddable":true,"href":"https:\/\/rarethaimassage.com\/pt\/wp-json\/wp\/v2\/media\/791"}],"wp:attachment":[{"href":"https:\/\/rarethaimassage.com\/pt\/wp-json\/wp\/v2\/media?parent=774"}],"wp:term":[{"taxonomy":"product_cat","embeddable":true,"href":"https:\/\/rarethaimassage.com\/pt\/wp-json\/wp\/v2\/product_cat?post=774"},{"taxonomy":"product_tag","embeddable":true,"href":"https:\/\/rarethaimassage.com\/pt\/wp-json\/wp\/v2\/product_tag?post=774"},{"taxonomy":"giftcard-category","embeddable":true,"href":"https:\/\/rarethaimassage.com\/pt\/wp-json\/wp\/v2\/giftcard-category?post=774"}],"curies":[{"name":"wp","href":"https:\/\/api.w.org\/{rel}","templated":true}]}}