{"id":773,"date":"2024-06-24T09:35:45","date_gmt":"2024-06-24T09:35:45","guid":{"rendered":"https:\/\/rarethaimassage.com\/?post_type=product&#038;p=773"},"modified":"2024-06-24T11:19:30","modified_gmt":"2024-06-24T11:19:30","slug":"oriental-thai-with-oil-gift-card","status":"publish","type":"product","link":"https:\/\/rarethaimassage.com\/pt\/produto\/oriental-thai-with-oil-gift-card\/","title":{"rendered":"Oriental \/Thai com \u00f3leo | Cart\u00e3o de oferta"},"content":{"rendered":"","protected":false},"excerpt":{"rendered":"<p>Maravilhosa para aliviar dores e tens\u00f5es, esta massagem \u00e9 uma combina\u00e7\u00e3o de t\u00e9cnicas orientais e ocidentais que \u00e9 altamente recomendada para quem prefere uma massagem forte.<\/p>\n<p>&nbsp;<\/p>\n<h5 class=\"elementor-heading-title elementor-size-default\">1h 50\u20ac | 1,5h 75\u20ac | 2h 95\u20ac<\/h5>\n<p>&hellip; <a class=\"kt-excerpt-readmore more-link\" href=\"https:\/\/rarethaimassage.com\/pt\/produto\/oriental-thai-with-oil-gift-card\/\">Read More<\/a><\/p>","protected":false},"featured_media":790,"template":"","meta":{"kt_blocks_editor_width":""},"product_cat":[24],"product_tag":[],"giftcard-category":[],"class_list":{"0":"post-773","1":"product","2":"type-product","3":"status-publish","4":"has-post-thumbnail","6":"product_cat-all","8":"first","9":"instock","10":"virtual","11":"purchasable","12":"product-type-gift-card"},"_links":{"self":[{"href":"https:\/\/rarethaimassage.com\/pt\/wp-json\/wp\/v2\/product\/773","targetHints":{"allow":["GET"]}}],"collection":[{"href":"https:\/\/rarethaimassage.com\/pt\/wp-json\/wp\/v2\/product"}],"about":[{"href":"https:\/\/rarethaimassage.com\/pt\/wp-json\/wp\/v2\/types\/product"}],"wp:featuredmedia":[{"embeddable":true,"href":"https:\/\/rarethaimassage.com\/pt\/wp-json\/wp\/v2\/media\/790"}],"wp:attachment":[{"href":"https:\/\/rarethaimassage.com\/pt\/wp-json\/wp\/v2\/media?parent=773"}],"wp:term":[{"taxonomy":"product_cat","embeddable":true,"href":"https:\/\/rarethaimassage.com\/pt\/wp-json\/wp\/v2\/product_cat?post=773"},{"taxonomy":"product_tag","embeddable":true,"href":"https:\/\/rarethaimassage.com\/pt\/wp-json\/wp\/v2\/product_tag?post=773"},{"taxonomy":"giftcard-category","embeddable":true,"href":"https:\/\/rarethaimassage.com\/pt\/wp-json\/wp\/v2\/giftcard-category?post=773"}],"curies":[{"name":"wp","href":"https:\/\/api.w.org\/{rel}","templated":true}]}}