{"id":772,"date":"2024-06-24T09:35:45","date_gmt":"2024-06-24T09:35:45","guid":{"rendered":"https:\/\/rarethaimassage.com\/?post_type=product&#038;p=772"},"modified":"2024-06-24T11:20:44","modified_gmt":"2024-06-24T11:20:44","slug":"deeptissue-sport-gift-card","status":"publish","type":"product","link":"https:\/\/rarethaimassage.com\/pt\/produto\/deeptissue-sport-gift-card\/","title":{"rendered":"DeepTissue \/ Desporto | Cart\u00e3o oferta"},"content":{"rendered":"","protected":false},"excerpt":{"rendered":"<p>Utilizando diferentes t\u00e9cnicas que permitem uma penetra\u00e7\u00e3o mais profunda nas zonas musculares e \u00e0 sua volta, a massagem desportiva \u00e9 ideal ap\u00f3s um dia de actividades de lazer. Se necessitar de aten\u00e7\u00e3o a alguma \u00e1rea em particular, por favor informe as nossas recepcionistas e elas individualizar\u00e3o esta massagem para garantir a sua total satisfa\u00e7\u00e3o.<\/p>\n<p>&nbsp;<\/p>\n<h5 class=\"elementor-heading-title elementor-size-default\">1h 55 \u20ac | 1,5h 85\u20ac | 2h 100\u20ac<\/h5>\n<p>&hellip; <a class=\"kt-excerpt-readmore more-link\" href=\"https:\/\/rarethaimassage.com\/pt\/produto\/deeptissue-sport-gift-card\/\">Read More<\/a><\/p>","protected":false},"featured_media":789,"template":"","meta":{"kt_blocks_editor_width":""},"product_cat":[24],"product_tag":[],"giftcard-category":[],"class_list":{"0":"post-772","1":"product","2":"type-product","3":"status-publish","4":"has-post-thumbnail","6":"product_cat-all","8":"first","9":"instock","10":"virtual","11":"purchasable","12":"product-type-gift-card"},"_links":{"self":[{"href":"https:\/\/rarethaimassage.com\/pt\/wp-json\/wp\/v2\/product\/772","targetHints":{"allow":["GET"]}}],"collection":[{"href":"https:\/\/rarethaimassage.com\/pt\/wp-json\/wp\/v2\/product"}],"about":[{"href":"https:\/\/rarethaimassage.com\/pt\/wp-json\/wp\/v2\/types\/product"}],"wp:featuredmedia":[{"embeddable":true,"href":"https:\/\/rarethaimassage.com\/pt\/wp-json\/wp\/v2\/media\/789"}],"wp:attachment":[{"href":"https:\/\/rarethaimassage.com\/pt\/wp-json\/wp\/v2\/media?parent=772"}],"wp:term":[{"taxonomy":"product_cat","embeddable":true,"href":"https:\/\/rarethaimassage.com\/pt\/wp-json\/wp\/v2\/product_cat?post=772"},{"taxonomy":"product_tag","embeddable":true,"href":"https:\/\/rarethaimassage.com\/pt\/wp-json\/wp\/v2\/product_tag?post=772"},{"taxonomy":"giftcard-category","embeddable":true,"href":"https:\/\/rarethaimassage.com\/pt\/wp-json\/wp\/v2\/giftcard-category?post=772"}],"curies":[{"name":"wp","href":"https:\/\/api.w.org\/{rel}","templated":true}]}}