{"id":771,"date":"2024-06-24T09:35:45","date_gmt":"2024-06-24T09:35:45","guid":{"rendered":"https:\/\/rarethaimassage.com\/?post_type=product&#038;p=771"},"modified":"2024-06-24T11:21:13","modified_gmt":"2024-06-24T11:21:13","slug":"aromatherapy-oil-massage-gift-card","status":"publish","type":"product","link":"https:\/\/rarethaimassage.com\/pt\/produto\/aromatherapy-oil-massage-gift-card\/","title":{"rendered":"Massagem com \u00f3leo de aromaterapia | Cart\u00e3o de oferta"},"content":{"rendered":"","protected":false},"excerpt":{"rendered":"<p>Para um relaxamento completo, \u00e9 dif\u00edcil bater as t\u00e9cnicas de m\u00e3os suaves utilizadas numa massagem profissional. Utilizando a sua escolha de \u00f3leos de aromaterapia, esta massagem abrange todo o corpo e a press\u00e3o pode ser aplicada de acordo com as necessidades de cada pessoa.<\/p>\n<p>&nbsp;<\/p>\n<h5 class=\"elementor-heading-title elementor-size-default\">1h 50\u20ac | 1,5h 75\u20ac | 2h 95\u20ac<\/h5>\n<p>&hellip; <a class=\"kt-excerpt-readmore more-link\" href=\"https:\/\/rarethaimassage.com\/pt\/produto\/aromatherapy-oil-massage-gift-card\/\">Read More<\/a><\/p>","protected":false},"featured_media":788,"template":"","meta":{"kt_blocks_editor_width":""},"product_cat":[24],"product_tag":[],"giftcard-category":[],"class_list":{"0":"post-771","1":"product","2":"type-product","3":"status-publish","4":"has-post-thumbnail","6":"product_cat-all","8":"first","9":"instock","10":"virtual","11":"purchasable","12":"product-type-gift-card"},"_links":{"self":[{"href":"https:\/\/rarethaimassage.com\/pt\/wp-json\/wp\/v2\/product\/771","targetHints":{"allow":["GET"]}}],"collection":[{"href":"https:\/\/rarethaimassage.com\/pt\/wp-json\/wp\/v2\/product"}],"about":[{"href":"https:\/\/rarethaimassage.com\/pt\/wp-json\/wp\/v2\/types\/product"}],"wp:featuredmedia":[{"embeddable":true,"href":"https:\/\/rarethaimassage.com\/pt\/wp-json\/wp\/v2\/media\/788"}],"wp:attachment":[{"href":"https:\/\/rarethaimassage.com\/pt\/wp-json\/wp\/v2\/media?parent=771"}],"wp:term":[{"taxonomy":"product_cat","embeddable":true,"href":"https:\/\/rarethaimassage.com\/pt\/wp-json\/wp\/v2\/product_cat?post=771"},{"taxonomy":"product_tag","embeddable":true,"href":"https:\/\/rarethaimassage.com\/pt\/wp-json\/wp\/v2\/product_tag?post=771"},{"taxonomy":"giftcard-category","embeddable":true,"href":"https:\/\/rarethaimassage.com\/pt\/wp-json\/wp\/v2\/giftcard-category?post=771"}],"curies":[{"name":"wp","href":"https:\/\/api.w.org\/{rel}","templated":true}]}}